{"id":911,"date":"2020-09-11T16:04:22","date_gmt":"2020-09-11T16:04:22","guid":{"rendered":"https:\/\/blond.dev29degres.ch\/conditions-de-participation\/"},"modified":"2022-09-15T14:53:42","modified_gmt":"2022-09-15T12:53:42","slug":"teilnahmebedingungen","status":"publish","type":"page","link":"https:\/\/blond.dev29degres.ch\/de\/teilnahmebedingungen\/","title":{"rendered":"Teilnahmebedingungen"},"content":{"rendered":"<div id='av_section_1'  class='avia-section av-2oexn-98c595d48e70994f56c61b5ed5a99509 main_color avia-section-default avia-no-border-styling  avia-builder-el-0  avia-builder-el-no-sibling  avia-bg-style-scroll container_wrap fullsize'  ><div class='container av-section-cont-open' ><main  role=\"main\" itemprop=\"mainContentOfPage\"  class='template-page content  av-content-full alpha units'><div class='post-entry post-entry-type-page post-entry-911'><div class='entry-content-wrapper clearfix'>\n\n<style type=\"text\/css\" data-created_by=\"avia_inline_auto\" id=\"style-css-av-259ff-64f1362adf5c25faac0f0c19da83a90f\">\n.flex_column.av-259ff-64f1362adf5c25faac0f0c19da83a90f{\n-webkit-border-radius:0px 0px 0px 0px;\n-moz-border-radius:0px 0px 0px 0px;\nborder-radius:0px 0px 0px 0px;\npadding:0px 0px 0px 0px;\n}\n<\/style>\n<div class='flex_column av-259ff-64f1362adf5c25faac0f0c19da83a90f av_one_fifth  avia-builder-el-1  el_before_av_three_fifth  avia-builder-el-first  first flex_column_div av-zero-column-padding '     ><\/div>\n<style type=\"text\/css\" data-created_by=\"avia_inline_auto\" id=\"style-css-av-1qqqr-78e52edee387d527efb827ce9182b3b9\">\n.flex_column.av-1qqqr-78e52edee387d527efb827ce9182b3b9{\n-webkit-border-radius:0px 0px 0px 0px;\n-moz-border-radius:0px 0px 0px 0px;\nborder-radius:0px 0px 0px 0px;\npadding:0px 0px 0px 0px;\n}\n<\/style>\n<div class='flex_column av-1qqqr-78e52edee387d527efb827ce9182b3b9 av_three_fifth  avia-builder-el-2  el_after_av_one_fifth  el_before_av_one_fifth  flex_column_div av-zero-column-padding '     ><style type=\"text\/css\" data-created_by=\"avia_inline_auto\" id=\"style-css-av-kgax7our-03662d12c94401629f47fde69c311948\">\n#top .av_textblock_section.av-kgax7our-03662d12c94401629f47fde69c311948 .avia_textblock{\nfont-size:20px;\n}\n<\/style>\n<section  class='av_textblock_section av-kgax7our-03662d12c94401629f47fde69c311948'  itemscope=\"itemscope\" itemtype=\"https:\/\/schema.org\/CreativeWork\" ><div class='avia_textblock'  itemprop=\"text\" ><h2>Allgemeine Teilnahmebedingungen<\/h2>\n<div id=\"lipsum\">\n<h5>Wettbewerb<\/h5>\n<p>Auf verschiedenen digitalen Medien wird ein Wettbewerb veranstaltet, welcher das Ragusa Blond in den Vordergrund stellt. Um daran teilzunehmen, gehen Sie lediglich auf blond.ragusa.ch, beantworten Sie die Fragen und best\u00e4tigen Sie Ihre Teilnahme \u00fcber das Formular.<\/p>\n<h5>Veranstalter<\/h5>\n<p>Der Veranstalter des Wettbewerbs ist Chocolats Camille Bloch SA, Grand-Rue 21, 2608 Courtelary, nachfolgend &#8222;CCB&#8220; genannt.<\/p>\n<p>Teilnahmeberechtigung<\/p>\n<p>Teilnahmeberechtigt sind alle nat\u00fcrlichen Personen ab 16 Jahren. Nur Personen mit Wohnsitz in der Schweiz oder Liechtenstein sind berechtigt, an der Verlosung der zu gewinnenden Preise teilzunehmen.<\/p>\n<h5>Preise<\/h5>\n<p>Unter allen Teilnehmern werden die folgenden Preise verlost:<\/p>\n<p>Hauptpreis:<\/p>\n<ul>\n<li>5x je 1 Woche Ferien f\u00fcr 5 Personen (2 Erwachsene, 3 Kinder) in Adelboden-Lenk im Wert von CHF 3800.-<\/li>\n<li>1x Tag in der Chocolaterie Camille Bloch im Wert von CHF 500.-<\/li>\n<\/ul>\n<p>Sekund\u00e4re Preise:<\/p>\n<p>Erlebnisse in der Chocolaterie Camille Bloch<\/p>\n<ul>\n<li>2x ein Ragusa-Atelier f\u00fcr 2 Personen mit Tickets f\u00fcr die Erlebniswelt im Wert von CHF 100.-<\/li>\n<li>2x ein Escape Game f\u00fcr 4 Personen im Wert von CHF 99.-<\/li>\n<li>4x ein Brunch f\u00fcr 2 Personen mit Tickets f\u00fcr die Erlebniswelt im Wert von CHF 98.-.<\/li>\n<li>4x eine Ragusa Fan-Box im Wert von CHF 81.20 (Ragusa zum Gravieren gratis).<\/li>\n<\/ul>\n<h5>Dauer der Teilnahme<\/h5>\n<p>Die Teilnahme am Wettbewerb ist ab dem 03.10.2022 bis zum 04.11.2022; 23:59 Uhr (Teilnahmeschluss) m\u00f6glich. Kostenlose Teilnahme ohne Kaufverpflichtung auf der Website: blond.ragusa.ch.<\/p>\n<h5>Anmeldung, Teilnahme und Bekanntgabe des Gewinns<\/h5>\n<p>Um am Wettbewerb teilzunehmen, muss der Teilnehmer vorg\u00e4ngig 4 Fragen zu Ragusa Blond und Adelboden-Lenk beantworten. Wenn er die Fragen richtig beantwortet und seine Kontaktdaten ausf\u00fcllt, nimmt er automatisch am Wettbewerb teil, um einen der Preise zu gewinnen.<\/p>\n<p>Auch die Teilnahmebedingungen m\u00fcssen im Rahmen des Anmeldeverfahrens akzeptiert werden.<\/p>\n<p>Die Anzahl der Eintr\u00e4ge ist nicht begrenzt.<\/p>\n<p>Wenn die mitgeteilte Adresse nicht korrekt ist oder der Hauptpreis nicht \u00fcbergeben werden kann oder aus anderen Gr\u00fcnden, die nicht direkt den Chocolats Camille Bloch SA zuzuschreiben sind, fehlschl\u00e4gt, ist Chocolats Camille Bloch SA berechtigt, den Preis an eine andere Person zu \u00fcbergeben und der Teilnehmer keinen Anspruch mehr hat auf den Preis. Die Postadresse wird ausschliesslich f\u00fcr die Zustellung des Preises verwendet. Der Teilnehmer kann w\u00e4hlen, ob er den Newsletter von Chocolats Camille Bloch SA erhalten m\u00f6chte oder nicht.<\/p>\n<p>Die Gewinner der Preise werden unter allen Personen ausgelost, die w\u00e4hrend des Teilnahmezeitraums teilgenommen und alle erforderlichen Informationen rechtzeitig \u00fcbermittelt haben.<\/p>\n<p>Die Gewinner werden sp\u00e4testens am 11.11.22 ausgelost und pers\u00f6nlich per E-Mail benachrichtigt. Der Preis wird Ihnen per Post zugeschickt oder von Chocolats Camille Bloch organisiert.<\/p>\n<p>Die Vergabe der Preise kann nicht angefochten werden. Die mitgeteilten materiellen Preise werden verlost. Eine Barauszahlung ist ausgeschlossen. Die in der Werbung f\u00fcr den Wettbewerb als Preise angek\u00fcndigten Gegenst\u00e4nde m\u00fcssen nicht in allen Einzelheiten mit den tats\u00e4chlich \u00fcbergebenen Gegenst\u00e4nden identisch sein. Vielmehr kann es Abweichungen in Bezug auf Farbe, Wert usw. geben. Alle Verpflichtungen von Chocolats Camille Bloch SA gegen\u00fcber dem Gewinner eines Sofort- oder Hauptpreises gelten mit der Zusendung des Preises als vollst\u00e4ndig erf\u00fcllt. Das Recht auf die gewonnenen Preise ist pers\u00f6nlich und kann nicht abgetreten werden. Der Gewinn von Sachpreisen kann unter Umst\u00e4nden steuerliche Konsequenzen nach sich ziehen. Alle Steuern, Abgaben oder Geb\u00fchren, die aufgrund des Preises anfallen, sind vom Gewinner zu tragen. Bei der Teilnahme von Minderj\u00e4hrigen oder entm\u00fcndigten Personen wird davon ausgegangen, dass die Teilnahme und Nutzung des Preises im Einverst\u00e4ndnis mit dem gesetzlichen Vertreter erfolgt und von diesem beaufsichtigt wird.<\/p>\n<p>Chocolats Camille Bloch SA beh\u00e4lt sich das Recht vor, den Wettbewerb jederzeit ohne Vorank\u00fcndigung und ohne Angabe von Gr\u00fcnden zu stornieren oder zu beenden. Ebenso k\u00f6nnen diese Teilnahmebedingungen jederzeit von Chocolats Camille Bloch ohne gesonderte Benachrichtigung ge\u00e4ndert werden.<\/p>\n<h5>Annahme der Teilnahmebedingungen<\/h5>\n<p>Durch die Teilnahme am Wettbewerb akzeptiert der Teilnehmer vorbehaltlos die vorliegenden Teilnahmebedingungen. Die Nichteinhaltung dieser Teilnahmebedingungen f\u00fchrt zum Ausschluss von der gesamten Verlosung. In diesem Fall k\u00f6nnen die Preise widerrufen oder beansprucht und an andere Teilnehmer vergeben werden.<\/p>\n<h5>Verst\u00f6sse<\/h5>\n<p>Chocolats Camille Bloch SA beh\u00e4lt sich das Recht vor, jede Person vom Wettbewerb auszuschliessen, wenn es Beweise f\u00fcr einen Versuch oder eine tats\u00e4chliche Beeintr\u00e4chtigung der Gewinnchancen durch Manipulation oder andere Beweise f\u00fcr eine T\u00e4uschung gibt. Die im Falle eines Verstosses anfallenden Kosten sind von der verantwortlichen Partei zu tragen.<\/p>\n<p>Courtelary, Oktober 2022<\/p>\n<\/div>\n<div id=\"lipsum\"><\/div>\n<\/div><\/section><\/div>\n<style type=\"text\/css\" data-created_by=\"avia_inline_auto\" id=\"style-css-av-yzz7-2e7f467f83ebd72570b58513ce3e1eb6\">\n.flex_column.av-yzz7-2e7f467f83ebd72570b58513ce3e1eb6{\n-webkit-border-radius:0px 0px 0px 0px;\n-moz-border-radius:0px 0px 0px 0px;\nborder-radius:0px 0px 0px 0px;\npadding:0px 0px 0px 0px;\n}\n<\/style>\n<div class='flex_column av-yzz7-2e7f467f83ebd72570b58513ce3e1eb6 av_one_fifth  avia-builder-el-4  el_after_av_three_fifth  avia-builder-el-last  flex_column_div av-zero-column-padding '     ><\/div>\n","protected":false},"excerpt":{"rendered":"","protected":false},"author":1,"featured_media":0,"parent":0,"menu_order":0,"comment_status":"closed","ping_status":"closed","template":"","meta":{"inline_featured_image":false},"_links":{"self":[{"href":"https:\/\/blond.dev29degres.ch\/de\/wp-json\/wp\/v2\/pages\/911"}],"collection":[{"href":"https:\/\/blond.dev29degres.ch\/de\/wp-json\/wp\/v2\/pages"}],"about":[{"href":"https:\/\/blond.dev29degres.ch\/de\/wp-json\/wp\/v2\/types\/page"}],"author":[{"embeddable":true,"href":"https:\/\/blond.dev29degres.ch\/de\/wp-json\/wp\/v2\/users\/1"}],"replies":[{"embeddable":true,"href":"https:\/\/blond.dev29degres.ch\/de\/wp-json\/wp\/v2\/comments?post=911"}],"version-history":[{"count":2,"href":"https:\/\/blond.dev29degres.ch\/de\/wp-json\/wp\/v2\/pages\/911\/revisions"}],"predecessor-version":[{"id":1029,"href":"https:\/\/blond.dev29degres.ch\/de\/wp-json\/wp\/v2\/pages\/911\/revisions\/1029"}],"wp:attachment":[{"href":"https:\/\/blond.dev29degres.ch\/de\/wp-json\/wp\/v2\/media?parent=911"}],"curies":[{"name":"wp","href":"https:\/\/api.w.org\/{rel}","templated":true}]}}